{"id":75,"date":"2022-08-11T10:09:12","date_gmt":"2022-08-11T08:09:12","guid":{"rendered":"https:\/\/docs.sk-uvgele.de\/membership-login\/"},"modified":"2026-02-02T12:29:14","modified_gmt":"2026-02-02T11:29:14","slug":"customer-login","status":"publish","type":"page","link":"https:\/\/docs.sk-uvgele.de\/en\/","title":{"rendered":"Anmeldung"},"content":{"rendered":"<div data-elementor-type=\"wp-page\" data-elementor-id=\"75\" class=\"elementor elementor-75\" data-elementor-post-type=\"page\">\n\t\t\t\t<div class=\"elementor-element elementor-element-6e9d613 e-flex e-con-boxed e-con e-parent\" data-id=\"6e9d613\" data-element_type=\"container\" data-e-type=\"container\">\n\t\t\t\t\t<div class=\"e-con-inner\">\n\t\t\t\t<div class=\"elementor-element elementor-element-6bee0b5 elementor-hidden-desktop elementor-hidden-tablet elementor-hidden-mobile elementor-widget elementor-widget-heading\" data-id=\"6bee0b5\" data-element_type=\"widget\" data-e-type=\"widget\" data-widget_type=\"heading.default\">\n\t\t\t\t<div class=\"elementor-widget-container\">\n\t\t\t\t\t<h2 class=\"elementor-heading-title elementor-size-default\">ATTENTION<\/h2>\t\t\t\t<\/div>\n\t\t\t\t<\/div>\n\t\t\t\t<div class=\"elementor-element elementor-element-632037e elementor-hidden-desktop elementor-hidden-tablet elementor-hidden-mobile elementor-widget elementor-widget-text-editor\" data-id=\"632037e\" data-element_type=\"widget\" data-e-type=\"widget\" data-widget_type=\"text-editor.default\">\n\t\t\t\t<div class=\"elementor-widget-container\">\n\t\t\t\t\t\t\t\t\t<p>Dear customers, we are updating our document database. Unfortunately, it is currently not possible to log in. For help and direct receipt of the desired documents, please contact us at <a href=\"mailto:info@sk-uvgele.de\">info@sk-uvgele.de<\/a><\/p><p>Thank you for your understanding.<\/p>\t\t\t\t\t\t\t\t<\/div>\n\t\t\t\t<\/div>\n\t\t\t\t\t<\/div>\n\t\t\t\t<\/div>\n\t\t<div class=\"elementor-element elementor-element-1e43690 e-flex e-con-boxed e-con e-parent\" data-id=\"1e43690\" data-element_type=\"container\" data-e-type=\"container\">\n\t\t\t\t\t<div class=\"e-con-inner\">\n\t\t<div class=\"elementor-element elementor-element-e90aa9a e-flex e-con-boxed e-con e-child\" data-id=\"e90aa9a\" data-element_type=\"container\" data-e-type=\"container\">\n\t\t\t\t\t<div class=\"e-con-inner\">\n\t\t\t\t<div class=\"elementor-element elementor-element-42dc436 elementor-widget elementor-widget-heading\" data-id=\"42dc436\" data-element_type=\"widget\" data-e-type=\"widget\" data-widget_type=\"heading.default\">\n\t\t\t\t<div class=\"elementor-widget-container\">\n\t\t\t\t\t<h2 class=\"elementor-heading-title elementor-size-default\">Costumer Login<\/h2>\t\t\t\t<\/div>\n\t\t\t\t<\/div>\n\t\t\t\t<div class=\"elementor-element elementor-element-119a4f8 elementor-widget__width-auto elementor-widget elementor-widget-shortcode\" data-id=\"119a4f8\" data-element_type=\"widget\" data-e-type=\"widget\" data-widget_type=\"shortcode.default\">\n\t\t\t\t<div class=\"elementor-widget-container\">\n\t\t\t\t\t\t\t<div class=\"elementor-shortcode\"><div class=\"swpm-login-widget-form\">\n    <form id=\"swpm-login-form\" name=\"swpm-login-form\" method=\"post\" action=\"\" data-trp-original-action=\"\">\n        <input type=\"hidden\" name=\"swpm_login_origination_flag\" value=\"1\" \/>\n        <div class=\"swpm-login-form-inner\">\n            <div class=\"swpm-username-label\">\n                <label for=\"swpm_user_name\" class=\"swpm-label\">Username or Email<\/label>\n            <\/div>\n            <div class=\"swpm-username-input\">\n                <input type=\"text\" class=\"swpm-text-field swpm-username-field\" id=\"swpm_user_name\" value=\"\" size=\"25\" name=\"swpm_user_name\" \/>\n            <\/div>\n            <div class=\"swpm-password-label\">\n                <label for=\"swpm_password\" class=\"swpm-label\">Password<\/label>\n            <\/div>\n            <div class=\"swpm-password-input\">                \n                <input type=\"password\" class=\"swpm-text-field swpm-password-field\" id=\"swpm_password\" value=\"\" size=\"25\" name=\"swpm_password\" \/>                \n            <\/div>\n                        <div class=\"swpm-remember-me\">\n                <span class=\"swpm-remember-checkbox\"><input type=\"checkbox\" name=\"rememberme\" id=\"swpm-rememberme\"><\/span>\n                <label for=\"swpm-rememberme\" class=\"swpm-rememberme-label\">\n                    <span class=\"swpm-rember-label\"> Remember Me<\/span>\n                <\/label>\n            <\/div>\n\n            <div class=\"swpm-before-login-submit-section\"><\/div>\n\n            <div class=\"swpm-login-submit\">\n                <input type=\"submit\" class=\"swpm-login-form-submit\" name=\"swpm-login\" value=\"Log In\"\/>\n            <\/div>\n            <div class=\"swpm-forgot-pass-link\">\n                <a id=\"forgot_pass\" class=\"swpm-login-form-pw-reset-link\"  href=\"https:\/\/docs.sk-uvgele.de\/password-reset\/\">Forgot Password?<\/a>\n            <\/div>\n                        <div class=\"swpm-join-us-link\">\n                <a id=\"register\" class=\"swpm-login-form-register-link\" href=\"https:\/\/docs.sk-uvgele.de\/\">Join Us<\/a>\n            <\/div>\n                        <div class=\"swpm-login-action-msg\">\n                <span class=\"swpm-login-widget-action-msg\"><\/span>\n            <\/div>\n        <\/div>\n    <input type=\"hidden\" name=\"trp-form-language\" value=\"en\"\/><\/form>\n\n    <\/div>\n\n<\/div>\n\t\t\t\t\t\t<\/div>\n\t\t\t\t<\/div>\n\t\t\t\t<div class=\"elementor-element elementor-element-d3178a0 elementor-icon-list--layout-inline elementor-list-item-link-inline elementor-align-center elementor-widget elementor-widget-icon-list\" data-id=\"d3178a0\" data-element_type=\"widget\" data-e-type=\"widget\" data-widget_type=\"icon-list.default\">\n\t\t\t\t<div class=\"elementor-widget-container\">\n\t\t\t\t\t\t\t<ul class=\"elementor-icon-list-items elementor-inline-items\">\n\t\t\t\t\t\t\t<li class=\"elementor-icon-list-item elementor-inline-item\">\n\t\t\t\t\t\t\t\t\t\t\t<a href=\"https:\/\/www.sk-uvgele.de\/imprint\/\" target=\"_blank\">\n\n\t\t\t\t\t\t\t\t\t\t\t<span class=\"elementor-icon-list-text\">Imprint<\/span>\n\t\t\t\t\t\t\t\t\t\t\t<\/a>\n\t\t\t\t\t\t\t\t\t<\/li>\n\t\t\t\t\t\t\t\t<li class=\"elementor-icon-list-item elementor-inline-item\">\n\t\t\t\t\t\t\t\t\t\t\t<a href=\"https:\/\/www.sk-uvgele.de\/privacy-policy\/\" target=\"_blank\">\n\n\t\t\t\t\t\t\t\t\t\t\t<span class=\"elementor-icon-list-text\">Privacy policy<\/span>\n\t\t\t\t\t\t\t\t\t\t\t<\/a>\n\t\t\t\t\t\t\t\t\t<\/li>\n\t\t\t\t\t\t<\/ul>\n\t\t\t\t\t\t<\/div>\n\t\t\t\t<\/div>\n\t\t\t\t\t<\/div>\n\t\t\t\t<\/div>\n\t\t\t\t\t<\/div>\n\t\t\t\t<\/div>\n\t\t\t\t<\/div>","protected":false},"excerpt":{"rendered":"<p>ACHTUNG Sehr geehrte Kunden, wir aktualisieren unsere Dokumentendatenbank. Aktuell ist leider kein Login m\u00f6glich. F\u00fcr Hilfe und direkten Erhalt der gew\u00fcnschten Dokumente, kontaktieren Sie uns unter info@sk-uvgele.de Wir Danke f\u00fcr Ihr Verst\u00e4ndnis. Kunden Login Impressum Datenschutz<\/p>","protected":false},"author":3,"featured_media":0,"parent":0,"menu_order":0,"comment_status":"closed","ping_status":"closed","template":"elementor_header_footer","meta":{"footnotes":""},"class_list":["post-75","page","type-page","status-publish","hentry"],"_links":{"self":[{"href":"https:\/\/docs.sk-uvgele.de\/en\/wp-json\/wp\/v2\/pages\/75","targetHints":{"allow":["GET"]}}],"collection":[{"href":"https:\/\/docs.sk-uvgele.de\/en\/wp-json\/wp\/v2\/pages"}],"about":[{"href":"https:\/\/docs.sk-uvgele.de\/en\/wp-json\/wp\/v2\/types\/page"}],"author":[{"embeddable":true,"href":"https:\/\/docs.sk-uvgele.de\/en\/wp-json\/wp\/v2\/users\/3"}],"replies":[{"embeddable":true,"href":"https:\/\/docs.sk-uvgele.de\/en\/wp-json\/wp\/v2\/comments?post=75"}],"version-history":[{"count":0,"href":"https:\/\/docs.sk-uvgele.de\/en\/wp-json\/wp\/v2\/pages\/75\/revisions"}],"wp:attachment":[{"href":"https:\/\/docs.sk-uvgele.de\/en\/wp-json\/wp\/v2\/media?parent=75"}],"curies":[{"name":"wp","href":"https:\/\/api.w.org\/{rel}","templated":true}]}}